{"id":2,"date":"2010-07-16T13:35:50","date_gmt":"2010-07-16T13:35:50","guid":{"rendered":"http:\/\/www.gebzemoto.com\/Rapor\/?page_id=2"},"modified":"2022-11-10T12:14:52","modified_gmt":"2022-11-10T09:14:52","slug":"hakkinda","status":"publish","type":"page","link":"https:\/\/gebzemoto.com\/blog\/hakkinda\/","title":{"rendered":"Kurucular"},"content":{"rendered":"<h1 style=\"text-align: center;\"><span style=\"color: #808080;\"><strong><span style=\"vertical-align: inherit;\"><span style=\"vertical-align: inherit;\">2009 -2015 Kurucu Y\u00f6netim<\/span><\/span><\/strong><\/span><\/h1>\n<table border=\"1\" width=\"800\" cellspacing=\"0\" cellpadding=\"0\">\n<tbody>\n<tr>\n<td align=\"center\"><a href=\"http:\/\/www.facebook.com\/profile.php?id=100001599864977\"><br \/>\n<img decoding=\"async\" title=\"Baskan\" src=\"http:\/\/www.gebzemoto.com\/biz\/veysel.jpg\" alt=\"\" \/><br \/>\n<\/a><\/td>\n<td width=\"100\"><\/td>\n<td>\n<h4><strong><span style=\"color: #333333;\"><span style=\"vertical-align: inherit;\"><span style=\"vertical-align: inherit;\">A.Veysel TOPLU<\/span><\/span><\/span><\/strong><\/h4>\n<p><strong><span style=\"vertical-align: inherit;\"><span style=\"vertical-align: inherit;\">Tel: <\/span><\/span><\/strong><strong><span style=\"color: #333333;\"><span style=\"vertical-align: inherit;\"><span style=\"vertical-align: inherit;\">0542 745 76 65<\/span><\/span><\/span><\/strong><br \/>\n<strong><span style=\"vertical-align: inherit;\"><span style=\"vertical-align: inherit;\"> E-Posta: <\/span><\/span><\/strong><strong><span style=\"color: #333333;\"><span style=\"vertical-align: inherit;\"><span style=\"vertical-align: inherit;\">Veysel@GebzeMoto.com<\/span><\/span><\/span><\/strong><\/p>\n<p><strong><span style=\"vertical-align: inherit;\"><span style=\"vertical-align: inherit;\">G\u00f6revi: <\/span><\/span><span style=\"color: #ff0000;\"><span style=\"vertical-align: inherit;\"><span style=\"vertical-align: inherit;\">Kurucu\u00a0 <\/span><\/span><\/span><\/strong><strong><span style=\"color: #ff0000;\"><span style=\"vertical-align: inherit;\"><span style=\"vertical-align: inherit;\">Ba\u015fkan<\/span><\/span><\/span><\/strong><\/p>\n<p><span style=\"color: #00ccff;\"><b><span style=\"vertical-align: inherit;\"><span style=\"vertical-align: inherit;\">Suzuki DL650 A<\/span><\/span><\/b><\/span><\/td>\n<\/tr>\n<tr>\n<td align=\"center\"><a href=\"http:\/\/www.facebook.com\/profile.php?id=599529254\"><br \/>\n<img decoding=\"async\" title=\"Y\u00f6netici\" src=\"http:\/\/www.gebzemoto.com\/biz\/baris.jpg\" alt=\"\" \/><br \/>\n<\/a><\/td>\n<td width=\"100\"><\/td>\n<td>\n<h4><strong><span style=\"color: #333333;\"><span style=\"vertical-align: inherit;\"><span style=\"vertical-align: inherit;\">Bar\u0131\u015f BAL<\/span><\/span><\/span><\/strong><\/h4>\n<p><strong><span style=\"vertical-align: inherit;\"><span style=\"vertical-align: inherit;\">Tel: <\/span><\/span><\/strong><strong><span style=\"color: #333399;\"><span style=\"vertical-align: inherit;\"><span style=\"vertical-align: inherit;\">0543 634 18 01<\/span><\/span><\/span><\/strong><br \/>\n<strong><span style=\"vertical-align: inherit;\"><span style=\"vertical-align: inherit;\"> E-Posta: <\/span><\/span><\/strong><strong><span style=\"color: #333333;\"><span style=\"vertical-align: inherit;\"><span style=\"vertical-align: inherit;\">Baris@GebzeMoto.com<\/span><\/span><\/span><\/strong><\/p>\n<p><strong><span style=\"vertical-align: inherit;\"><span style=\"vertical-align: inherit;\">G\u00f6revi: <\/span><\/span><span style=\"color: #ff0000;\"><span style=\"vertical-align: inherit;\"><span style=\"vertical-align: inherit;\">Kurucu\u00a0 <\/span><\/span><\/span><\/strong><strong><span style=\"color: #ff0000;\"><span style=\"vertical-align: inherit;\"><span style=\"vertical-align: inherit;\">Y\u00f6netici<\/span><\/span><\/span><\/strong><\/p>\n<p><strong><span style=\"color: #00ccff;\"><span style=\"vertical-align: inherit;\"><span style=\"vertical-align: inherit;\">Honda VFR1200 CROSSTOURER<\/span><\/span><\/span><\/strong><\/td>\n<\/tr>\n<tr>\n<td align=\"center\"><a href=\"http:\/\/www.facebook.com\/profile.php?id=1289264176\"><br \/>\n<img decoding=\"async\" title=\"Y\u00f6netici\" src=\"http:\/\/www.gebzemoto.com\/biz\/seckin.jpg\" alt=\"\" \/><br \/>\n<\/a><\/td>\n<td width=\"100\"><\/td>\n<td>\n<h4><strong><span style=\"color: #333333;\"><span style=\"vertical-align: inherit;\"><span style=\"vertical-align: inherit;\">Se\u00e7kin TUNALI<\/span><\/span><\/span><\/strong><\/h4>\n<p><strong><span style=\"vertical-align: inherit;\"><span style=\"vertical-align: inherit;\">Tel: <\/span><\/span><\/strong><strong><span style=\"color: #333399;\"><span style=\"vertical-align: inherit;\"><span style=\"vertical-align: inherit;\">0532 443 80 95<\/span><\/span><\/span><\/strong><br \/>\n<strong><span style=\"vertical-align: inherit;\"><span style=\"vertical-align: inherit;\"> E-Posta: <\/span><\/span><\/strong><strong><span style=\"color: #333333;\"><span style=\"vertical-align: inherit;\"><span style=\"vertical-align: inherit;\">Seckin@GebzeMoto.com<\/span><\/span><\/span><\/strong><br \/>\n<strong><span style=\"vertical-align: inherit;\"><span style=\"vertical-align: inherit;\"> G\u00f6revi: <\/span><\/span><span style=\"color: #ff0000;\"><span style=\"vertical-align: inherit;\"><span style=\"vertical-align: inherit;\">Kurucu\u00a0 <\/span><\/span><\/span><\/strong><strong><span style=\"color: #ff0000;\"><span style=\"vertical-align: inherit;\"><span style=\"vertical-align: inherit;\">Y\u00f6netici<\/span><\/span><\/span><\/strong><\/td>\n<\/tr>\n<tr>\n<td align=\"center\"><a href=\"http:\/\/www.facebook.com\/profile.php?id=1440066798\"><br \/>\n<img decoding=\"async\" title=\"Y\u00f6netici\" src=\"http:\/\/www.gebzemoto.com\/biz\/engin.jpg\" alt=\"\" \/><br \/>\n<\/a><\/td>\n<td width=\"100\"><\/td>\n<td>\n<h4><strong><span style=\"color: #333333;\"><span style=\"vertical-align: inherit;\"><span style=\"vertical-align: inherit;\">Engin CAN<\/span><\/span><\/span><\/strong><\/h4>\n<p><strong><span style=\"vertical-align: inherit;\"><span style=\"vertical-align: inherit;\">Tel: <\/span><\/span><span style=\"color: #333399;\"><span style=\"vertical-align: inherit;\"><span style=\"vertical-align: inherit;\">0532 672 69 80<\/span><\/span><\/span><\/strong><br \/>\n<strong><span style=\"vertical-align: inherit;\"><span style=\"vertical-align: inherit;\"> E-Posta: <\/span><\/span><\/strong><strong><span style=\"color: #333333;\"><span style=\"vertical-align: inherit;\"><span style=\"vertical-align: inherit;\">Engin@GebzeMoto.com<\/span><\/span><\/span><\/strong><\/p>\n<p><strong><span style=\"vertical-align: inherit;\">G\u00f6revi: <\/span><span style=\"color: #ff0000;\"><span style=\"vertical-align: inherit;\">Kurucu\u00a0 <\/span><\/span><\/strong><strong><span style=\"color: #ff0000;\"><span style=\"vertical-align: inherit;\">Y\u00f6netici<\/span><\/span><\/strong><\/p>\n<p><strong><span style=\"color: #00ccff;\"><span style=\"vertical-align: inherit;\"><span style=\"vertical-align: inherit;\">Honda NC 700<\/span><\/span><\/span><\/strong><\/td>\n<\/tr>\n<tr>\n<td align=\"center\"><a href=\"http:\/\/www.facebook.com\/profile.php?id=573715981\"><br \/>\n<img decoding=\"async\" title=\"Y\u00f6netici\" src=\"http:\/\/www.gebzemoto.com\/biz\/Mehmet.jpg\" alt=\"\" \/><br \/>\n<\/a><\/td>\n<td width=\"100\"><\/td>\n<td>\n<h4><strong><span style=\"color: #333333;\"><span style=\"vertical-align: inherit;\"><span style=\"vertical-align: inherit;\">Mehmet KUTAY<\/span><\/span><\/span><\/strong><\/h4>\n<p><strong><span style=\"vertical-align: inherit;\"><span style=\"vertical-align: inherit;\">Tel: <\/span><\/span><\/strong><strong><span style=\"color: #333399;\"><span style=\"vertical-align: inherit;\"><span style=\"vertical-align: inherit;\">0532 769 04 51<\/span><\/span><\/span><\/strong><br \/>\n<strong><span style=\"vertical-align: inherit;\"><span style=\"vertical-align: inherit;\"> E-Posta: <\/span><\/span><\/strong><strong><span style=\"color: #333333;\"><span style=\"vertical-align: inherit;\"><span style=\"vertical-align: inherit;\">Mehmet@GebzeMoto.com<\/span><\/span><\/span><\/strong><\/p>\n<p><strong><span style=\"vertical-align: inherit;\"><span style=\"vertical-align: inherit;\">G\u00f6revi: <\/span><\/span><span style=\"color: #ff0000;\"><span style=\"vertical-align: inherit;\"><span style=\"vertical-align: inherit;\">Kurucu\u00a0 <\/span><\/span><\/span><\/strong><strong><span style=\"color: #ff0000;\"><span style=\"vertical-align: inherit;\"><span style=\"vertical-align: inherit;\">Y\u00f6netici<\/span><\/span><\/span><\/strong><\/p>\n<p><strong><span style=\"color: #00ccff;\"><span style=\"vertical-align: inherit;\"><span style=\"vertical-align: inherit;\"> Zafer Kaplan 800XC <\/span><\/span><\/span><\/strong><\/td>\n<\/tr>\n<tr>\n<td align=\"center\"><a href=\"http:\/\/www.facebook.com\/metin.keles.5\"><br \/>\n<img decoding=\"async\" title=\"Forum G\u00f6revlisi\" src=\"http:\/\/www.gebzemoto.com\/biz\/metin.jpg\" alt=\"\" \/><br \/>\n<\/a><\/td>\n<td width=\"100\"><\/td>\n<td>\n<h4><strong><span style=\"color: #333333;\"><span style=\"vertical-align: inherit;\"><span style=\"vertical-align: inherit;\">Metin KELE\u015e<\/span><\/span><\/span><\/strong><\/h4>\n<p><strong><span style=\"vertical-align: inherit;\"><span style=\"vertical-align: inherit;\">Tel: <\/span><\/span><\/strong><strong><span style=\"color: #333399;\"><span style=\"vertical-align: inherit;\"><span style=\"vertical-align: inherit;\">0532 621 11 33<\/span><\/span><\/span><\/strong><br \/>\n<strong><span style=\"vertical-align: inherit;\"><span style=\"vertical-align: inherit;\"> E-Posta: <\/span><\/span><\/strong><strong><span style=\"vertical-align: inherit;\"><span style=\"vertical-align: inherit;\">Metin@GebzeMoto.com<\/span><\/span><\/strong><\/p>\n<p><strong><span style=\"vertical-align: inherit;\"><span style=\"vertical-align: inherit;\">G\u00f6revi: <\/span><\/span><\/strong><strong><span style=\"color: #ff0000;\"><span style=\"vertical-align: inherit;\"><span style=\"vertical-align: inherit;\">Y\u00f6netici<\/span><\/span><\/span><\/strong><\/p>\n<p><strong><span style=\"color: #00ccff;\"><span style=\"vertical-align: inherit;\"><span style=\"vertical-align: inherit;\"> Yamaha 1100 DragStar <\/span><\/span><\/span><\/strong><\/td>\n<\/tr>\n<tr>\n<td align=\"center\">\u00a0<a href=\"http:\/\/www.gebzemoto.com\/Rapor\/wp-content\/uploads\/2010\/07\/Screenshot_18.png\"><img loading=\"lazy\" decoding=\"async\" class=\"alignleft wp-image-6824\" src=\"http:\/\/www.gebzemoto.com\/Rapor\/wp-content\/uploads\/2010\/07\/Screenshot_18-150x150.png\" alt=\"Screenshot_18\" width=\"104\" height=\"104\" \/><\/a><\/td>\n<td width=\"100\"><\/td>\n<td>\n<h4><strong><span style=\"color: #333333;\"><span style=\"vertical-align: inherit;\"><span style=\"vertical-align: inherit;\">Seyfullah ADIYAMAN<\/span><\/span><\/span><\/strong><\/h4>\n<p><strong><span style=\"vertical-align: inherit;\"><span style=\"vertical-align: inherit;\">Tel: <\/span><\/span><\/strong><strong><span style=\"color: #333399;\"><span style=\"vertical-align: inherit;\"><span style=\"vertical-align: inherit;\">0532 693 91 16<\/span><\/span><\/span><\/strong><br \/>\n<strong><span style=\"vertical-align: inherit;\"><span style=\"vertical-align: inherit;\"> E-Posta: <\/span><\/span><\/strong><strong><span style=\"color: #333333;\"><span style=\"vertical-align: inherit;\"><span style=\"vertical-align: inherit;\">Seyfo@GebzeMoto.com<\/span><\/span><\/span><\/strong><\/p>\n<p><strong><span style=\"vertical-align: inherit;\"><span style=\"vertical-align: inherit;\">G\u00f6revi: <\/span><\/span><\/strong><strong><span style=\"color: #ff0000;\"><span style=\"vertical-align: inherit;\"><span style=\"vertical-align: inherit;\">Y\u00f6netici<\/span><\/span><\/span><\/strong><\/p>\n<p><strong><span style=\"color: #00ccff;\"><span style=\"vertical-align: inherit;\"><span style=\"vertical-align: inherit;\"> Yamaha R6 <\/span><\/span><\/span><\/strong><\/td>\n<\/tr>\n<\/tbody>\n<\/table>\n","protected":false},"excerpt":{"rendered":"<p>2009 -2015 Kurucu Y\u00f6netim A.Veysel TOPLU Tel: 0542 745 76 65 E-Posta: Veysel@GebzeMoto.com G\u00f6revi: Kurucu\u00a0 Ba\u015fkan Suzuki DL650 A Bar\u0131\u015f BAL Tel: 0543 634 18 &hellip;<\/p>\n","protected":false},"author":1,"featured_media":0,"parent":0,"menu_order":5,"comment_status":"closed","ping_status":"closed","template":"","meta":{"footnotes":""},"class_list":["post-2","page","type-page","status-publish","hentry"],"yoast_head":"<!-- This site is optimized with the Yoast SEO plugin v26.9 - https:\/\/yoast.com\/product\/yoast-seo-wordpress\/ -->\n<title>Kurucular - Gebze Motosiklet Kul\u00fcb\u00fc<\/title>\n<meta name=\"robots\" content=\"index, follow, max-snippet:-1, max-image-preview:large, max-video-preview:-1\" \/>\n<link rel=\"canonical\" href=\"https:\/\/gebzemoto.com\/blog\/hakkinda\/\" \/>\n<meta property=\"og:locale\" content=\"tr_TR\" \/>\n<meta property=\"og:type\" content=\"article\" \/>\n<meta property=\"og:title\" content=\"Kurucular - Gebze Motosiklet Kul\u00fcb\u00fc\" \/>\n<meta property=\"og:description\" content=\"2009 -2015 Kurucu Y\u00f6netim A.Veysel TOPLU Tel: 0542 745 76 65 E-Posta: Veysel@GebzeMoto.com G\u00f6revi: Kurucu\u00a0 Ba\u015fkan Suzuki DL650 A Bar\u0131\u015f BAL Tel: 0543 634 18 &hellip;\" \/>\n<meta property=\"og:url\" content=\"https:\/\/gebzemoto.com\/blog\/hakkinda\/\" \/>\n<meta property=\"og:site_name\" content=\"Gebze Motosiklet Kul\u00fcb\u00fc\" \/>\n<meta property=\"article:publisher\" content=\"https:\/\/www.facebook.com\/GebzeMoto\/\" \/>\n<meta property=\"article:modified_time\" content=\"2022-11-10T09:14:52+00:00\" \/>\n<meta property=\"og:image\" content=\"http:\/\/www.gebzemoto.com\/biz\/veysel.jpg\" \/>\n<meta name=\"twitter:card\" content=\"summary_large_image\" \/>\n<meta name=\"twitter:site\" content=\"@GebzeMoto\" \/>\n<meta name=\"twitter:label1\" content=\"Tahmini okuma s\u00fcresi\" \/>\n\t<meta name=\"twitter:data1\" content=\"3 dakika\" \/>\n<script type=\"application\/ld+json\" class=\"yoast-schema-graph\">{\"@context\":\"https:\/\/schema.org\",\"@graph\":[{\"@type\":\"WebPage\",\"@id\":\"https:\/\/gebzemoto.com\/blog\/hakkinda\/\",\"url\":\"https:\/\/gebzemoto.com\/blog\/hakkinda\/\",\"name\":\"Kurucular - Gebze Motosiklet Kul\u00fcb\u00fc\",\"isPartOf\":{\"@id\":\"https:\/\/gebzemoto.com\/blog\/#website\"},\"primaryImageOfPage\":{\"@id\":\"https:\/\/gebzemoto.com\/blog\/hakkinda\/#primaryimage\"},\"image\":{\"@id\":\"https:\/\/gebzemoto.com\/blog\/hakkinda\/#primaryimage\"},\"thumbnailUrl\":\"http:\/\/www.gebzemoto.com\/biz\/veysel.jpg\",\"datePublished\":\"2010-07-16T13:35:50+00:00\",\"dateModified\":\"2022-11-10T09:14:52+00:00\",\"breadcrumb\":{\"@id\":\"https:\/\/gebzemoto.com\/blog\/hakkinda\/#breadcrumb\"},\"inLanguage\":\"tr\",\"potentialAction\":[{\"@type\":\"ReadAction\",\"target\":[\"https:\/\/gebzemoto.com\/blog\/hakkinda\/\"]}]},{\"@type\":\"ImageObject\",\"inLanguage\":\"tr\",\"@id\":\"https:\/\/gebzemoto.com\/blog\/hakkinda\/#primaryimage\",\"url\":\"http:\/\/www.gebzemoto.com\/biz\/veysel.jpg\",\"contentUrl\":\"http:\/\/www.gebzemoto.com\/biz\/veysel.jpg\"},{\"@type\":\"BreadcrumbList\",\"@id\":\"https:\/\/gebzemoto.com\/blog\/hakkinda\/#breadcrumb\",\"itemListElement\":[{\"@type\":\"ListItem\",\"position\":1,\"name\":\"Anasayfa\",\"item\":\"https:\/\/gebzemoto.com\/blog\/\"},{\"@type\":\"ListItem\",\"position\":2,\"name\":\"Kurucular\"}]},{\"@type\":\"WebSite\",\"@id\":\"https:\/\/gebzemoto.com\/blog\/#website\",\"url\":\"https:\/\/gebzemoto.com\/blog\/\",\"name\":\"Gebze Motosiklet Kul\u00fcb\u00fc\",\"description\":\"Yolumuz uzun...\",\"publisher\":{\"@id\":\"https:\/\/gebzemoto.com\/blog\/#organization\"},\"potentialAction\":[{\"@type\":\"SearchAction\",\"target\":{\"@type\":\"EntryPoint\",\"urlTemplate\":\"https:\/\/gebzemoto.com\/blog\/?s={search_term_string}\"},\"query-input\":{\"@type\":\"PropertyValueSpecification\",\"valueRequired\":true,\"valueName\":\"search_term_string\"}}],\"inLanguage\":\"tr\"},{\"@type\":\"Organization\",\"@id\":\"https:\/\/gebzemoto.com\/blog\/#organization\",\"name\":\"Gebze Motosiklet Kul\u00fcb\u00fc\",\"url\":\"https:\/\/gebzemoto.com\/blog\/\",\"logo\":{\"@type\":\"ImageObject\",\"inLanguage\":\"tr\",\"@id\":\"https:\/\/gebzemoto.com\/blog\/#\/schema\/logo\/image\/\",\"url\":\"https:\/\/gebzemoto.com\/blog\/wp-content\/uploads\/2022\/11\/250xgmk.png\",\"contentUrl\":\"https:\/\/gebzemoto.com\/blog\/wp-content\/uploads\/2022\/11\/250xgmk.png\",\"width\":250,\"height\":252,\"caption\":\"Gebze Motosiklet Kul\u00fcb\u00fc\"},\"image\":{\"@id\":\"https:\/\/gebzemoto.com\/blog\/#\/schema\/logo\/image\/\"},\"sameAs\":[\"https:\/\/www.facebook.com\/GebzeMoto\/\",\"https:\/\/x.com\/GebzeMoto\"]}]}<\/script>\n<!-- \/ Yoast SEO plugin. -->","yoast_head_json":{"title":"Kurucular - Gebze Motosiklet Kul\u00fcb\u00fc","robots":{"index":"index","follow":"follow","max-snippet":"max-snippet:-1","max-image-preview":"max-image-preview:large","max-video-preview":"max-video-preview:-1"},"canonical":"https:\/\/gebzemoto.com\/blog\/hakkinda\/","og_locale":"tr_TR","og_type":"article","og_title":"Kurucular - Gebze Motosiklet Kul\u00fcb\u00fc","og_description":"2009 -2015 Kurucu Y\u00f6netim A.Veysel TOPLU Tel: 0542 745 76 65 E-Posta: Veysel@GebzeMoto.com G\u00f6revi: Kurucu\u00a0 Ba\u015fkan Suzuki DL650 A Bar\u0131\u015f BAL Tel: 0543 634 18 &hellip;","og_url":"https:\/\/gebzemoto.com\/blog\/hakkinda\/","og_site_name":"Gebze Motosiklet Kul\u00fcb\u00fc","article_publisher":"https:\/\/www.facebook.com\/GebzeMoto\/","article_modified_time":"2022-11-10T09:14:52+00:00","og_image":[{"url":"http:\/\/www.gebzemoto.com\/biz\/veysel.jpg","type":"","width":"","height":""}],"twitter_card":"summary_large_image","twitter_site":"@GebzeMoto","twitter_misc":{"Tahmini okuma s\u00fcresi":"3 dakika"},"schema":{"@context":"https:\/\/schema.org","@graph":[{"@type":"WebPage","@id":"https:\/\/gebzemoto.com\/blog\/hakkinda\/","url":"https:\/\/gebzemoto.com\/blog\/hakkinda\/","name":"Kurucular - Gebze Motosiklet Kul\u00fcb\u00fc","isPartOf":{"@id":"https:\/\/gebzemoto.com\/blog\/#website"},"primaryImageOfPage":{"@id":"https:\/\/gebzemoto.com\/blog\/hakkinda\/#primaryimage"},"image":{"@id":"https:\/\/gebzemoto.com\/blog\/hakkinda\/#primaryimage"},"thumbnailUrl":"http:\/\/www.gebzemoto.com\/biz\/veysel.jpg","datePublished":"2010-07-16T13:35:50+00:00","dateModified":"2022-11-10T09:14:52+00:00","breadcrumb":{"@id":"https:\/\/gebzemoto.com\/blog\/hakkinda\/#breadcrumb"},"inLanguage":"tr","potentialAction":[{"@type":"ReadAction","target":["https:\/\/gebzemoto.com\/blog\/hakkinda\/"]}]},{"@type":"ImageObject","inLanguage":"tr","@id":"https:\/\/gebzemoto.com\/blog\/hakkinda\/#primaryimage","url":"http:\/\/www.gebzemoto.com\/biz\/veysel.jpg","contentUrl":"http:\/\/www.gebzemoto.com\/biz\/veysel.jpg"},{"@type":"BreadcrumbList","@id":"https:\/\/gebzemoto.com\/blog\/hakkinda\/#breadcrumb","itemListElement":[{"@type":"ListItem","position":1,"name":"Anasayfa","item":"https:\/\/gebzemoto.com\/blog\/"},{"@type":"ListItem","position":2,"name":"Kurucular"}]},{"@type":"WebSite","@id":"https:\/\/gebzemoto.com\/blog\/#website","url":"https:\/\/gebzemoto.com\/blog\/","name":"Gebze Motosiklet Kul\u00fcb\u00fc","description":"Yolumuz uzun...","publisher":{"@id":"https:\/\/gebzemoto.com\/blog\/#organization"},"potentialAction":[{"@type":"SearchAction","target":{"@type":"EntryPoint","urlTemplate":"https:\/\/gebzemoto.com\/blog\/?s={search_term_string}"},"query-input":{"@type":"PropertyValueSpecification","valueRequired":true,"valueName":"search_term_string"}}],"inLanguage":"tr"},{"@type":"Organization","@id":"https:\/\/gebzemoto.com\/blog\/#organization","name":"Gebze Motosiklet Kul\u00fcb\u00fc","url":"https:\/\/gebzemoto.com\/blog\/","logo":{"@type":"ImageObject","inLanguage":"tr","@id":"https:\/\/gebzemoto.com\/blog\/#\/schema\/logo\/image\/","url":"https:\/\/gebzemoto.com\/blog\/wp-content\/uploads\/2022\/11\/250xgmk.png","contentUrl":"https:\/\/gebzemoto.com\/blog\/wp-content\/uploads\/2022\/11\/250xgmk.png","width":250,"height":252,"caption":"Gebze Motosiklet Kul\u00fcb\u00fc"},"image":{"@id":"https:\/\/gebzemoto.com\/blog\/#\/schema\/logo\/image\/"},"sameAs":["https:\/\/www.facebook.com\/GebzeMoto\/","https:\/\/x.com\/GebzeMoto"]}]}},"_links":{"self":[{"href":"https:\/\/gebzemoto.com\/blog\/wp-json\/wp\/v2\/pages\/2","targetHints":{"allow":["GET"]}}],"collection":[{"href":"https:\/\/gebzemoto.com\/blog\/wp-json\/wp\/v2\/pages"}],"about":[{"href":"https:\/\/gebzemoto.com\/blog\/wp-json\/wp\/v2\/types\/page"}],"author":[{"embeddable":true,"href":"https:\/\/gebzemoto.com\/blog\/wp-json\/wp\/v2\/users\/1"}],"replies":[{"embeddable":true,"href":"https:\/\/gebzemoto.com\/blog\/wp-json\/wp\/v2\/comments?post=2"}],"version-history":[{"count":70,"href":"https:\/\/gebzemoto.com\/blog\/wp-json\/wp\/v2\/pages\/2\/revisions"}],"predecessor-version":[{"id":7016,"href":"https:\/\/gebzemoto.com\/blog\/wp-json\/wp\/v2\/pages\/2\/revisions\/7016"}],"wp:attachment":[{"href":"https:\/\/gebzemoto.com\/blog\/wp-json\/wp\/v2\/media?parent=2"}],"curies":[{"name":"wp","href":"https:\/\/api.w.org\/{rel}","templated":true}]}}