{"id":7014,"date":"2022-11-10T12:17:42","date_gmt":"2022-11-10T09:17:42","guid":{"rendered":"https:\/\/gebzemoto.com\/blog\/?page_id=7014"},"modified":"2022-11-10T12:17:42","modified_gmt":"2022-11-10T09:17:42","slug":"dernek","status":"publish","type":"page","link":"https:\/\/gebzemoto.com\/blog\/dernek\/","title":{"rendered":"Dernek"},"content":{"rendered":"<h1 style=\"text-align: center;\"><span style=\"color: #0000ff;\"><strong>Gebze Motosiklet Kul\u00fcb\u00fc Derne\u011fi<\/strong><\/span><\/h1>\n<p><span style=\"color: #0000ff;\"><strong><span class=\"w8qArf\"><a class=\"fl\" style=\"color: #0000ff;\" href=\"https:\/\/www.google.com\/search?sxsrf=ALiCzsa3naZMb0tF0ZyXCg1SWJHcyM3DjA:1668070204718&amp;q=gebze+motosiklet+kulubu+adres&amp;ludocid=359891687800966435&amp;sa=X&amp;ved=2ahUKEwj9wYzgnaP7AhXkQfEDHS6QAn0Q6BN6BAgyEAI\" data-ved=\"2ahUKEwj9wYzgnaP7AhXkQfEDHS6QAn0Q6BN6BAgyEAI\">Adres<\/a><span class=\"eTVOZd\">:<\/span>\u00a0<\/span><\/strong><\/span><span class=\"LrzXr\">G\u00fczeller Mahallesi 904 Sokak No.:25\/A, 41410 Gebze\/Kocaeli<\/span><\/p>\n<p><span style=\"color: #0000ff;\"><strong>Goole Harita:<\/strong><\/span> https:\/\/goo.gl\/maps\/AhPhE2J3moBwc86N8<\/p>\n<h1 style=\"text-align: center;\"><span style=\"color: #0000ff;\">Banka Hesap Bilgileri<\/span><\/h1>\n<p>GEBZE MOTOS\u0130KLET KUL\u00dcB\u00dc DERNE\u011e\u0130<br \/>\nZiraat bankasi gebze \u015fubesi<\/p>\n<p><span style=\"color: #0000ff;\"><strong>Hesap no:<\/strong><\/span> 872 885 86&#8211;5001<br \/>\n<strong><span style=\"color: #0000ff;\">IBAN:<\/span><\/strong> TR04 0001 0001 6487 2885 8650 01<\/p>\n<h1 style=\"text-align: center;\"><span style=\"color: #0000ff;\"><strong>Dernek Y\u00f6netim\u00a0<\/strong><\/span><\/h1>\n<h4><strong><span style=\"color: #333333;\"><span style=\"vertical-align: inherit;\">BARI\u015e BAL<\/span><\/span><\/strong><\/h4>\n<p><strong><span style=\"vertical-align: inherit;\">Tel: <span style=\"color: #333399;\">0543 634 18 01<\/span><\/span><\/strong><br \/>\n<strong><span style=\"vertical-align: inherit;\"> E-Posta: baris_bal82@hotmail.com<\/span><\/strong><\/p>\n<p><strong><span style=\"vertical-align: inherit;\">G\u00f6revi: <\/span><\/strong><strong><span style=\"color: #ff0000;\"><span style=\"vertical-align: inherit;\">Ba\u015fkan<\/span><\/span><\/strong><\/p>\n<p><strong><span style=\"color: #00ccff;\"><span style=\"vertical-align: inherit;\">HONDA VFR1200 CROSSTOURER<\/span><\/span><\/strong><\/p>\n<h4 style=\"text-align: left;\"><strong><span style=\"color: #333333;\"><span style=\"vertical-align: inherit;\">KAD\u0130R YUMURTACI<\/span><\/span><\/strong><\/h4>\n<p style=\"text-align: left;\"><strong><span style=\"vertical-align: inherit;\">Tel: <\/span><\/strong><strong><span style=\"color: #333399;\"><span style=\"vertical-align: inherit;\">0506 608 51 01<\/span><\/span><\/strong><br \/>\n<strong><span style=\"vertical-align: inherit;\"> E-Posta: Kadir<\/span><\/strong><strong><span style=\"color: #333333;\"><span style=\"vertical-align: inherit;\">@GebzeMoto.com<\/span><\/span><\/strong><\/p>\n<p style=\"text-align: left;\"><strong><span style=\"vertical-align: inherit;\">G\u00f6revi: <span style=\"color: #ff0000;\">Ba\u015fkan Yrd.<\/span><\/span><\/strong><\/p>\n<p style=\"text-align: left;\"><strong><span style=\"color: #00ccff;\"><span style=\"vertical-align: inherit;\">HONDA ST1300 PAN EUROPEAN\u00a0<\/span><\/span><\/strong><\/p>\n<p>&nbsp;<\/p>\n<h4><strong><span style=\"color: #333333;\"><span style=\"vertical-align: inherit;\">SAADETT\u0130N YE\u015e\u0130L<\/span><\/span><\/strong><\/h4>\n<p><strong><span style=\"vertical-align: inherit;\">Tel: <span style=\"color: #333399;\">0532 345 26 51<\/span><\/span><\/strong><br \/>\n<strong><span style=\"vertical-align: inherit;\"> E-Posta: saadettinyesil@gmail.com<\/span><\/strong><\/p>\n<p><strong><span style=\"vertical-align: inherit;\"> G\u00f6revi: <\/span><span style=\"color: #ff0000;\"><span style=\"vertical-align: inherit;\">Genel Sekreter<\/span><\/span><\/strong><\/p>\n<p><span style=\"color: #00ffff;\"><strong><span style=\"color: #00ccff;\"><span style=\"vertical-align: inherit;\">HONDA AFRICA TWIN CRF1000L<\/span><\/span><\/strong><\/span><\/p>\n<p>&nbsp;<\/p>\n<h4><span style=\"color: #333333;\">ERS\u0130N AVUTMAN<\/span><\/h4>\n<p><strong><span style=\"vertical-align: inherit;\">Tel: <\/span><span style=\"color: #333399;\"><span style=\"vertical-align: inherit;\">0536 941 28 28<\/span><\/span><\/strong><br \/>\n<strong><span style=\"vertical-align: inherit;\"> E-Posta: <\/span><\/strong><strong><span style=\"color: #333333;\"><span style=\"vertical-align: inherit;\">ersinavutman41@gmail.com<\/span><\/span><\/strong><\/p>\n<p><strong><span style=\"vertical-align: inherit;\">G\u00f6revi: <\/span><span style=\"color: #ff0000;\"><span style=\"vertical-align: inherit;\">Denetleme Kurulu<\/span><\/span><\/strong><\/p>\n<p><strong><span style=\"color: #00ccff;\"><span style=\"vertical-align: inherit;\">YAMAHA TRACER 700<\/span><\/span><\/strong><\/p>\n<p>&nbsp;<\/p>\n<h4><strong><span style=\"color: #333333;\"><span style=\"vertical-align: inherit;\">HAL\u0130L ALPER KAYA<\/span><\/span><\/strong><\/h4>\n<p><strong><span style=\"vertical-align: inherit;\">Tel: <\/span><\/strong><strong><span style=\"color: #333399;\"><span style=\"vertical-align: inherit;\">0536 685 85 16<\/span><\/span><\/strong><br \/>\n<strong><span style=\"vertical-align: inherit;\"> E-Posta: alpkaya41@hotmail.com<\/span><\/strong><\/p>\n<p><strong><span style=\"vertical-align: inherit;\">G\u00f6revi: <\/span><span style=\"color: #ff0000;\"><span style=\"vertical-align: inherit;\">Y\u00f6netim Kurulu \u00dcyesi<\/span><\/span><\/strong><\/p>\n<p><strong><span style=\"color: #00ccff;\"><span style=\"vertical-align: inherit;\">HONDA CBF 600<\/span><\/span><\/strong><\/p>\n<p>&nbsp;<\/p>\n<h4><strong><span style=\"color: #333333;\"><span style=\"vertical-align: inherit;\">MURAT DEL\u0130AHMET<\/span><\/span><\/strong><\/h4>\n<p><strong><span style=\"vertical-align: inherit;\">Tel: <\/span><\/strong><strong><span style=\"color: #333399;\"><span style=\"vertical-align: inherit;\">0532 460 35 14<\/span><\/span><\/strong><br \/>\n<strong><span style=\"vertical-align: inherit;\"> E-Posta: muratdeliahmet@gmail.com<\/span><\/strong><\/p>\n<p><strong><span style=\"vertical-align: inherit;\">G\u00f6revi: <\/span><\/strong><strong><span style=\"color: #ff0000;\"><span style=\"vertical-align: inherit;\">Denetleme Kurulu<\/span><\/span><\/strong><\/p>\n<p><strong><span style=\"color: #00ccff;\"><span style=\"vertical-align: inherit;\">HONDA NC 700 X<\/span><\/span><\/strong><\/p>\n<p>&nbsp;<\/p>\n<p>&nbsp;<\/p>\n","protected":false},"excerpt":{"rendered":"<p>Gebze Motosiklet Kul\u00fcb\u00fc Derne\u011fi Adres:\u00a0G\u00fczeller Mahallesi 904 Sokak No.:25\/A, 41410 Gebze\/Kocaeli Goole Harita: https:\/\/goo.gl\/maps\/AhPhE2J3moBwc86N8 Banka Hesap Bilgileri GEBZE MOTOS\u0130KLET KUL\u00dcB\u00dc DERNE\u011e\u0130 Ziraat bankasi gebze \u015fubesi &hellip;<\/p>\n","protected":false},"author":1,"featured_media":0,"parent":0,"menu_order":0,"comment_status":"closed","ping_status":"closed","template":"","meta":{"footnotes":""},"class_list":["post-7014","page","type-page","status-publish","hentry"],"yoast_head":"<!-- This site is optimized with the Yoast SEO plugin v26.9 - https:\/\/yoast.com\/product\/yoast-seo-wordpress\/ -->\n<title>Dernek - Gebze Motosiklet Kul\u00fcb\u00fc<\/title>\n<meta name=\"robots\" content=\"index, follow, max-snippet:-1, max-image-preview:large, max-video-preview:-1\" \/>\n<link rel=\"canonical\" href=\"https:\/\/gebzemoto.com\/blog\/dernek\/\" \/>\n<meta property=\"og:locale\" content=\"tr_TR\" \/>\n<meta property=\"og:type\" content=\"article\" \/>\n<meta property=\"og:title\" content=\"Dernek - Gebze Motosiklet Kul\u00fcb\u00fc\" \/>\n<meta property=\"og:description\" content=\"Gebze Motosiklet Kul\u00fcb\u00fc Derne\u011fi Adres:\u00a0G\u00fczeller Mahallesi 904 Sokak No.:25\/A, 41410 Gebze\/Kocaeli Goole Harita: https:\/\/goo.gl\/maps\/AhPhE2J3moBwc86N8 Banka Hesap Bilgileri GEBZE MOTOS\u0130KLET KUL\u00dcB\u00dc DERNE\u011e\u0130 Ziraat bankasi gebze \u015fubesi &hellip;\" \/>\n<meta property=\"og:url\" content=\"https:\/\/gebzemoto.com\/blog\/dernek\/\" \/>\n<meta property=\"og:site_name\" content=\"Gebze Motosiklet Kul\u00fcb\u00fc\" \/>\n<meta property=\"article:publisher\" content=\"https:\/\/www.facebook.com\/GebzeMoto\/\" \/>\n<meta name=\"twitter:card\" content=\"summary_large_image\" \/>\n<meta name=\"twitter:site\" content=\"@GebzeMoto\" \/>\n<meta name=\"twitter:label1\" content=\"Tahmini okuma s\u00fcresi\" \/>\n\t<meta name=\"twitter:data1\" content=\"1 dakika\" \/>\n<script type=\"application\/ld+json\" class=\"yoast-schema-graph\">{\"@context\":\"https:\/\/schema.org\",\"@graph\":[{\"@type\":\"WebPage\",\"@id\":\"https:\/\/gebzemoto.com\/blog\/dernek\/\",\"url\":\"https:\/\/gebzemoto.com\/blog\/dernek\/\",\"name\":\"Dernek - Gebze Motosiklet Kul\u00fcb\u00fc\",\"isPartOf\":{\"@id\":\"https:\/\/gebzemoto.com\/blog\/#website\"},\"datePublished\":\"2022-11-10T09:17:42+00:00\",\"breadcrumb\":{\"@id\":\"https:\/\/gebzemoto.com\/blog\/dernek\/#breadcrumb\"},\"inLanguage\":\"tr\",\"potentialAction\":[{\"@type\":\"ReadAction\",\"target\":[\"https:\/\/gebzemoto.com\/blog\/dernek\/\"]}]},{\"@type\":\"BreadcrumbList\",\"@id\":\"https:\/\/gebzemoto.com\/blog\/dernek\/#breadcrumb\",\"itemListElement\":[{\"@type\":\"ListItem\",\"position\":1,\"name\":\"Anasayfa\",\"item\":\"https:\/\/gebzemoto.com\/blog\/\"},{\"@type\":\"ListItem\",\"position\":2,\"name\":\"Dernek\"}]},{\"@type\":\"WebSite\",\"@id\":\"https:\/\/gebzemoto.com\/blog\/#website\",\"url\":\"https:\/\/gebzemoto.com\/blog\/\",\"name\":\"Gebze Motosiklet Kul\u00fcb\u00fc\",\"description\":\"Yolumuz uzun...\",\"publisher\":{\"@id\":\"https:\/\/gebzemoto.com\/blog\/#organization\"},\"potentialAction\":[{\"@type\":\"SearchAction\",\"target\":{\"@type\":\"EntryPoint\",\"urlTemplate\":\"https:\/\/gebzemoto.com\/blog\/?s={search_term_string}\"},\"query-input\":{\"@type\":\"PropertyValueSpecification\",\"valueRequired\":true,\"valueName\":\"search_term_string\"}}],\"inLanguage\":\"tr\"},{\"@type\":\"Organization\",\"@id\":\"https:\/\/gebzemoto.com\/blog\/#organization\",\"name\":\"Gebze Motosiklet Kul\u00fcb\u00fc\",\"url\":\"https:\/\/gebzemoto.com\/blog\/\",\"logo\":{\"@type\":\"ImageObject\",\"inLanguage\":\"tr\",\"@id\":\"https:\/\/gebzemoto.com\/blog\/#\/schema\/logo\/image\/\",\"url\":\"https:\/\/gebzemoto.com\/blog\/wp-content\/uploads\/2022\/11\/250xgmk.png\",\"contentUrl\":\"https:\/\/gebzemoto.com\/blog\/wp-content\/uploads\/2022\/11\/250xgmk.png\",\"width\":250,\"height\":252,\"caption\":\"Gebze Motosiklet Kul\u00fcb\u00fc\"},\"image\":{\"@id\":\"https:\/\/gebzemoto.com\/blog\/#\/schema\/logo\/image\/\"},\"sameAs\":[\"https:\/\/www.facebook.com\/GebzeMoto\/\",\"https:\/\/x.com\/GebzeMoto\"]}]}<\/script>\n<!-- \/ Yoast SEO plugin. -->","yoast_head_json":{"title":"Dernek - Gebze Motosiklet Kul\u00fcb\u00fc","robots":{"index":"index","follow":"follow","max-snippet":"max-snippet:-1","max-image-preview":"max-image-preview:large","max-video-preview":"max-video-preview:-1"},"canonical":"https:\/\/gebzemoto.com\/blog\/dernek\/","og_locale":"tr_TR","og_type":"article","og_title":"Dernek - Gebze Motosiklet Kul\u00fcb\u00fc","og_description":"Gebze Motosiklet Kul\u00fcb\u00fc Derne\u011fi Adres:\u00a0G\u00fczeller Mahallesi 904 Sokak No.:25\/A, 41410 Gebze\/Kocaeli Goole Harita: https:\/\/goo.gl\/maps\/AhPhE2J3moBwc86N8 Banka Hesap Bilgileri GEBZE MOTOS\u0130KLET KUL\u00dcB\u00dc DERNE\u011e\u0130 Ziraat bankasi gebze \u015fubesi &hellip;","og_url":"https:\/\/gebzemoto.com\/blog\/dernek\/","og_site_name":"Gebze Motosiklet Kul\u00fcb\u00fc","article_publisher":"https:\/\/www.facebook.com\/GebzeMoto\/","twitter_card":"summary_large_image","twitter_site":"@GebzeMoto","twitter_misc":{"Tahmini okuma s\u00fcresi":"1 dakika"},"schema":{"@context":"https:\/\/schema.org","@graph":[{"@type":"WebPage","@id":"https:\/\/gebzemoto.com\/blog\/dernek\/","url":"https:\/\/gebzemoto.com\/blog\/dernek\/","name":"Dernek - Gebze Motosiklet Kul\u00fcb\u00fc","isPartOf":{"@id":"https:\/\/gebzemoto.com\/blog\/#website"},"datePublished":"2022-11-10T09:17:42+00:00","breadcrumb":{"@id":"https:\/\/gebzemoto.com\/blog\/dernek\/#breadcrumb"},"inLanguage":"tr","potentialAction":[{"@type":"ReadAction","target":["https:\/\/gebzemoto.com\/blog\/dernek\/"]}]},{"@type":"BreadcrumbList","@id":"https:\/\/gebzemoto.com\/blog\/dernek\/#breadcrumb","itemListElement":[{"@type":"ListItem","position":1,"name":"Anasayfa","item":"https:\/\/gebzemoto.com\/blog\/"},{"@type":"ListItem","position":2,"name":"Dernek"}]},{"@type":"WebSite","@id":"https:\/\/gebzemoto.com\/blog\/#website","url":"https:\/\/gebzemoto.com\/blog\/","name":"Gebze Motosiklet Kul\u00fcb\u00fc","description":"Yolumuz uzun...","publisher":{"@id":"https:\/\/gebzemoto.com\/blog\/#organization"},"potentialAction":[{"@type":"SearchAction","target":{"@type":"EntryPoint","urlTemplate":"https:\/\/gebzemoto.com\/blog\/?s={search_term_string}"},"query-input":{"@type":"PropertyValueSpecification","valueRequired":true,"valueName":"search_term_string"}}],"inLanguage":"tr"},{"@type":"Organization","@id":"https:\/\/gebzemoto.com\/blog\/#organization","name":"Gebze Motosiklet Kul\u00fcb\u00fc","url":"https:\/\/gebzemoto.com\/blog\/","logo":{"@type":"ImageObject","inLanguage":"tr","@id":"https:\/\/gebzemoto.com\/blog\/#\/schema\/logo\/image\/","url":"https:\/\/gebzemoto.com\/blog\/wp-content\/uploads\/2022\/11\/250xgmk.png","contentUrl":"https:\/\/gebzemoto.com\/blog\/wp-content\/uploads\/2022\/11\/250xgmk.png","width":250,"height":252,"caption":"Gebze Motosiklet Kul\u00fcb\u00fc"},"image":{"@id":"https:\/\/gebzemoto.com\/blog\/#\/schema\/logo\/image\/"},"sameAs":["https:\/\/www.facebook.com\/GebzeMoto\/","https:\/\/x.com\/GebzeMoto"]}]}},"_links":{"self":[{"href":"https:\/\/gebzemoto.com\/blog\/wp-json\/wp\/v2\/pages\/7014","targetHints":{"allow":["GET"]}}],"collection":[{"href":"https:\/\/gebzemoto.com\/blog\/wp-json\/wp\/v2\/pages"}],"about":[{"href":"https:\/\/gebzemoto.com\/blog\/wp-json\/wp\/v2\/types\/page"}],"author":[{"embeddable":true,"href":"https:\/\/gebzemoto.com\/blog\/wp-json\/wp\/v2\/users\/1"}],"replies":[{"embeddable":true,"href":"https:\/\/gebzemoto.com\/blog\/wp-json\/wp\/v2\/comments?post=7014"}],"version-history":[{"count":1,"href":"https:\/\/gebzemoto.com\/blog\/wp-json\/wp\/v2\/pages\/7014\/revisions"}],"predecessor-version":[{"id":7018,"href":"https:\/\/gebzemoto.com\/blog\/wp-json\/wp\/v2\/pages\/7014\/revisions\/7018"}],"wp:attachment":[{"href":"https:\/\/gebzemoto.com\/blog\/wp-json\/wp\/v2\/media?parent=7014"}],"curies":[{"name":"wp","href":"https:\/\/api.w.org\/{rel}","templated":true}]}}